{"id":879,"date":"2024-10-01T17:03:32","date_gmt":"2024-10-01T15:03:32","guid":{"rendered":"https:\/\/www.dst-plongee.be\/?page_id=879"},"modified":"2024-10-01T17:16:59","modified_gmt":"2024-10-01T15:16:59","slug":"contact","status":"publish","type":"page","link":"https:\/\/www.dst-plongee.be\/?page_id=879","title":{"rendered":"Contact"},"content":{"rendered":"\t\t<div data-elementor-type=\"wp-page\" data-elementor-id=\"879\" class=\"elementor elementor-879\">\n\t\t\t\t<div class=\"elementor-element elementor-element-6e575238 e-flex e-con-boxed e-con e-parent\" data-id=\"6e575238\" data-element_type=\"container\" data-e-type=\"container\">\n\t\t\t\t\t<div class=\"e-con-inner\">\n\t\t\t\t<div class=\"elementor-element elementor-element-4df2603b elementor-widget elementor-widget-text-editor\" data-id=\"4df2603b\" data-element_type=\"widget\" data-e-type=\"widget\" data-widget_type=\"text-editor.default\">\n\t\t\t\t<div class=\"elementor-widget-container\">\n\t\t\t\t\t\t\t\t\t<p>Pour nous contacter, le plus simple est de nous envoyer un email \u00e0 l&#8217;adresse <a href=\"mailto:info@dst-plongee.be\">info@dst-plongee.be<\/a>. Nous vous r\u00e9pondrons tr\u00e8s rapidement.<\/p><p>Vous pouvez aussi nous rencontrer les vendredis vers 20h30 \u00e0 la nouvelle piscine du Blocry \u00e0 Louvain-la-Neuve (sauf durant les p\u00e9riodes de vacances). Notre s\u00e9ance d&#8217;entra\u00eenement hebdomadaire en piscine se passe de 21h \u00e0 22h. Elle se termine par un petit verre \u00e0 la caf\u00e9t\u00e9ria du Blocry.\u00a0<\/p>\t\t\t\t\t\t\t\t<\/div>\n\t\t\t\t<\/div>\n\t\t\t\t\t<\/div>\n\t\t\t\t<\/div>\n\t\t\t\t<\/div>\n\t\t","protected":false},"excerpt":{"rendered":"<p>Pour nous contacter, le plus simple est de nous envoyer un email \u00e0 l&#8217;adresse info@dst-plongee.be. Nous vous r\u00e9pondrons tr\u00e8s rapidement. Vous pouvez aussi nous rencontrer les vendredis vers 20h30 \u00e0 la nouvelle piscine du Blocry \u00e0 Louvain-la-Neuve (sauf durant les p\u00e9riodes de vacances). Notre s\u00e9ance d&#8217;entra\u00eenement hebdomadaire en piscine se passe de 21h \u00e0 22h. [&hellip;]<\/p>\n","protected":false},"author":2,"featured_media":0,"parent":0,"menu_order":0,"comment_status":"closed","ping_status":"closed","template":"","meta":{"_acf_changed":false,"footnotes":""},"class_list":["post-879","page","type-page","status-publish","hentry"],"acf":[],"_links":{"self":[{"href":"https:\/\/www.dst-plongee.be\/index.php?rest_route=\/wp\/v2\/pages\/879","targetHints":{"allow":["GET"]}}],"collection":[{"href":"https:\/\/www.dst-plongee.be\/index.php?rest_route=\/wp\/v2\/pages"}],"about":[{"href":"https:\/\/www.dst-plongee.be\/index.php?rest_route=\/wp\/v2\/types\/page"}],"author":[{"embeddable":true,"href":"https:\/\/www.dst-plongee.be\/index.php?rest_route=\/wp\/v2\/users\/2"}],"replies":[{"embeddable":true,"href":"https:\/\/www.dst-plongee.be\/index.php?rest_route=%2Fwp%2Fv2%2Fcomments&post=879"}],"version-history":[{"count":6,"href":"https:\/\/www.dst-plongee.be\/index.php?rest_route=\/wp\/v2\/pages\/879\/revisions"}],"predecessor-version":[{"id":890,"href":"https:\/\/www.dst-plongee.be\/index.php?rest_route=\/wp\/v2\/pages\/879\/revisions\/890"}],"wp:attachment":[{"href":"https:\/\/www.dst-plongee.be\/index.php?rest_route=%2Fwp%2Fv2%2Fmedia&parent=879"}],"curies":[{"name":"wp","href":"https:\/\/api.w.org\/{rel}","templated":true}]}}